{"id":423,"date":"2024-10-09T17:42:19","date_gmt":"2024-10-09T17:42:19","guid":{"rendered":"https:\/\/km-parfuemerie.de\/?post_type=product&#038;p=423"},"modified":"2026-04-02T15:35:03","modified_gmt":"2026-04-02T15:35:03","slug":"km-41","status":"publish","type":"product","link":"https:\/\/km-parfuemerie.de\/de\/produkt\/km-41\/","title":{"rendered":"KM 41"},"content":{"rendered":"<p>Dieser Duft ist eine Intensive und luxuri\u00f6se interpretation des ikonischen Flowerbomb Duftes verk\u00f6rpert pure Sinnlichkeit und Tiefe. Die Komposition \u00f6ffnet mit eine einzigartige Kopfnote von glitzernden, rauchigen schwarzen Pulver, aus sich heraus, was dem Duft eine geheimnisvolle und m\u00e4chtige Energie. Das Herz entfaltet sich eine \u00fcppige bouquet von s\u00fc\u00dfen Orangenbl\u00fcten und Jasmin-sambac, die Bereitstellung von floralen Opulenz und femininen Raffinesse. Der Duft wird abgerundet durch einen warmen Basisnoten von Tonkabohne, benzoin und Vanille, die hinterlassen einen k\u00f6stlichen, lang anhaltende s\u00fc\u00dfe und Cremigkeit. **Flowerbomb Nectar** ist ein verf\u00fchrerischer Duft, der verbindet die beiden Leidenschaft und Kraft \u2013 perfekt f\u00fcr die moderne Frau, die besticht durch Ihre Eleganz und Intensit\u00e4t. Ideal f\u00fcr Besondere Anl\u00e4sse, wo Sie einen bleibenden Eindruck zu hinterlassen.<\/p>","protected":false},"excerpt":{"rendered":"<p>This fragrance is an intense and luxurious interpretation of the iconic Flowerbomb scent that embodies pure sensuality and depth. The [&hellip;]<\/p>\n","protected":false},"featured_media":1514,"comment_status":"open","ping_status":"closed","template":"","meta":{"site-sidebar-layout":"default","site-content-layout":"","ast-site-content-layout":"","site-content-style":"default","site-sidebar-style":"default","ast-global-header-display":"","ast-banner-title-visibility":"","ast-main-header-display":"","ast-hfb-above-header-display":"","ast-hfb-below-header-display":"","ast-hfb-mobile-header-display":"","site-post-title":"","ast-breadcrumbs-content":"","ast-featured-img":"","footer-sml-layout":"","theme-transparent-header-meta":"","adv-header-id-meta":"","stick-header-meta":"","header-above-stick-meta":"","header-main-stick-meta":"","header-below-stick-meta":"","astra-migrate-meta-layouts":"default","ast-page-background-enabled":"default","ast-page-background-meta":{"desktop":{"background-color":"var(--ast-global-color-4)","background-image":"","background-repeat":"repeat","background-position":"center center","background-size":"auto","background-attachment":"scroll","background-type":"","background-media":"","overlay-type":"","overlay-color":"","overlay-opacity":"","overlay-gradient":""},"tablet":{"background-color":"","background-image":"","background-repeat":"repeat","background-position":"center center","background-size":"auto","background-attachment":"scroll","background-type":"","background-media":"","overlay-type":"","overlay-color":"","overlay-opacity":"","overlay-gradient":""},"mobile":{"background-color":"","background-image":"","background-repeat":"repeat","background-position":"center center","background-size":"auto","background-attachment":"scroll","background-type":"","background-media":"","overlay-type":"","overlay-color":"","overlay-opacity":"","overlay-gradient":""}},"ast-content-background-meta":{"desktop":{"background-color":"var(--ast-global-color-5)","background-image":"","background-repeat":"repeat","background-position":"center center","background-size":"auto","background-attachment":"scroll","background-type":"","background-media":"","overlay-type":"","overlay-color":"","overlay-opacity":"","overlay-gradient":""},"tablet":{"background-color":"var(--ast-global-color-5)","background-image":"","background-repeat":"repeat","background-position":"center center","background-size":"auto","background-attachment":"scroll","background-type":"","background-media":"","overlay-type":"","overlay-color":"","overlay-opacity":"","overlay-gradient":""},"mobile":{"background-color":"var(--ast-global-color-5)","background-image":"","background-repeat":"repeat","background-position":"center center","background-size":"auto","background-attachment":"scroll","background-type":"","background-media":"","overlay-type":"","overlay-color":"","overlay-opacity":"","overlay-gradient":""}}},"product_brand":[],"product_cat":[24],"product_tag":[18],"class_list":{"0":"post-423","1":"product","2":"type-product","3":"status-publish","4":"has-post-thumbnail","6":"product_cat-women","7":"product_tag-basic","8":"desktop-align-left","9":"tablet-align-left","10":"mobile-align-left","12":"first","13":"instock","14":"sale","15":"taxable","16":"shipping-taxable","17":"purchasable","18":"product-type-variable"},"jetpack_sharing_enabled":true,"_links":{"self":[{"href":"https:\/\/km-parfuemerie.de\/de\/wp-json\/wp\/v2\/product\/423","targetHints":{"allow":["GET"]}}],"collection":[{"href":"https:\/\/km-parfuemerie.de\/de\/wp-json\/wp\/v2\/product"}],"about":[{"href":"https:\/\/km-parfuemerie.de\/de\/wp-json\/wp\/v2\/types\/product"}],"replies":[{"embeddable":true,"href":"https:\/\/km-parfuemerie.de\/de\/wp-json\/wp\/v2\/comments?post=423"}],"wp:featuredmedia":[{"embeddable":true,"href":"https:\/\/km-parfuemerie.de\/de\/wp-json\/wp\/v2\/media\/1514"}],"wp:attachment":[{"href":"https:\/\/km-parfuemerie.de\/de\/wp-json\/wp\/v2\/media?parent=423"}],"wp:term":[{"taxonomy":"product_brand","embeddable":true,"href":"https:\/\/km-parfuemerie.de\/de\/wp-json\/wp\/v2\/product_brand?post=423"},{"taxonomy":"product_cat","embeddable":true,"href":"https:\/\/km-parfuemerie.de\/de\/wp-json\/wp\/v2\/product_cat?post=423"},{"taxonomy":"product_tag","embeddable":true,"href":"https:\/\/km-parfuemerie.de\/de\/wp-json\/wp\/v2\/product_tag?post=423"}],"curies":[{"name":"wp","href":"https:\/\/api.w.org\/{rel}","templated":true}]}}