{"id":537,"date":"2024-10-09T17:42:28","date_gmt":"2024-10-09T17:42:28","guid":{"rendered":"https:\/\/km-parfuemerie.de\/?post_type=product&#038;p=537"},"modified":"2026-04-02T15:34:59","modified_gmt":"2026-04-02T15:34:59","slug":"km-155","status":"publish","type":"product","link":"https:\/\/km-parfuemerie.de\/de\/produkt\/km-155\/","title":{"rendered":"155 KM"},"content":{"rendered":"<p>Dieses Parf\u00fcm f\u00e4ngt die Essenz von Wasser in ein zeitloses, reinen Duft. Die frische Kopfnote kombiniert rose und lotus \u00fcbereinstimmt, w\u00e4hrend Flieder, Pfingstrosen und wei\u00dfen Lilien bilden einen weichen, floralen Herzen. Eine warme Basis aus amber, Moschus, Sandelholz und Zedernholz vollendet die Sch\u00f6pfung und gibt ihm eine zarte, aquatische Eleganz.<\/p>","protected":false},"excerpt":{"rendered":"<p>This perfume captures the essence of water in a timeless, pure scent. The fresh top note combines rose and lotus [&hellip;]<\/p>\n","protected":false},"featured_media":1308,"comment_status":"open","ping_status":"closed","template":"","meta":{"site-sidebar-layout":"default","site-content-layout":"","ast-site-content-layout":"","site-content-style":"default","site-sidebar-style":"default","ast-global-header-display":"","ast-banner-title-visibility":"","ast-main-header-display":"","ast-hfb-above-header-display":"","ast-hfb-below-header-display":"","ast-hfb-mobile-header-display":"","site-post-title":"","ast-breadcrumbs-content":"","ast-featured-img":"","footer-sml-layout":"","theme-transparent-header-meta":"","adv-header-id-meta":"","stick-header-meta":"","header-above-stick-meta":"","header-main-stick-meta":"","header-below-stick-meta":"","astra-migrate-meta-layouts":"default","ast-page-background-enabled":"default","ast-page-background-meta":{"desktop":{"background-color":"var(--ast-global-color-4)","background-image":"","background-repeat":"repeat","background-position":"center center","background-size":"auto","background-attachment":"scroll","background-type":"","background-media":"","overlay-type":"","overlay-color":"","overlay-opacity":"","overlay-gradient":""},"tablet":{"background-color":"","background-image":"","background-repeat":"repeat","background-position":"center center","background-size":"auto","background-attachment":"scroll","background-type":"","background-media":"","overlay-type":"","overlay-color":"","overlay-opacity":"","overlay-gradient":""},"mobile":{"background-color":"","background-image":"","background-repeat":"repeat","background-position":"center center","background-size":"auto","background-attachment":"scroll","background-type":"","background-media":"","overlay-type":"","overlay-color":"","overlay-opacity":"","overlay-gradient":""}},"ast-content-background-meta":{"desktop":{"background-color":"var(--ast-global-color-5)","background-image":"","background-repeat":"repeat","background-position":"center center","background-size":"auto","background-attachment":"scroll","background-type":"","background-media":"","overlay-type":"","overlay-color":"","overlay-opacity":"","overlay-gradient":""},"tablet":{"background-color":"var(--ast-global-color-5)","background-image":"","background-repeat":"repeat","background-position":"center center","background-size":"auto","background-attachment":"scroll","background-type":"","background-media":"","overlay-type":"","overlay-color":"","overlay-opacity":"","overlay-gradient":""},"mobile":{"background-color":"var(--ast-global-color-5)","background-image":"","background-repeat":"repeat","background-position":"center center","background-size":"auto","background-attachment":"scroll","background-type":"","background-media":"","overlay-type":"","overlay-color":"","overlay-opacity":"","overlay-gradient":""}}},"product_brand":[],"product_cat":[17],"product_tag":[18],"class_list":{"0":"post-537","1":"product","2":"type-product","3":"status-publish","4":"has-post-thumbnail","6":"product_cat-men","7":"product_tag-basic","8":"desktop-align-left","9":"tablet-align-left","10":"mobile-align-left","12":"first","13":"instock","14":"sale","15":"taxable","16":"shipping-taxable","17":"purchasable","18":"product-type-variable"},"jetpack_sharing_enabled":true,"_links":{"self":[{"href":"https:\/\/km-parfuemerie.de\/de\/wp-json\/wp\/v2\/product\/537","targetHints":{"allow":["GET"]}}],"collection":[{"href":"https:\/\/km-parfuemerie.de\/de\/wp-json\/wp\/v2\/product"}],"about":[{"href":"https:\/\/km-parfuemerie.de\/de\/wp-json\/wp\/v2\/types\/product"}],"replies":[{"embeddable":true,"href":"https:\/\/km-parfuemerie.de\/de\/wp-json\/wp\/v2\/comments?post=537"}],"wp:featuredmedia":[{"embeddable":true,"href":"https:\/\/km-parfuemerie.de\/de\/wp-json\/wp\/v2\/media\/1308"}],"wp:attachment":[{"href":"https:\/\/km-parfuemerie.de\/de\/wp-json\/wp\/v2\/media?parent=537"}],"wp:term":[{"taxonomy":"product_brand","embeddable":true,"href":"https:\/\/km-parfuemerie.de\/de\/wp-json\/wp\/v2\/product_brand?post=537"},{"taxonomy":"product_cat","embeddable":true,"href":"https:\/\/km-parfuemerie.de\/de\/wp-json\/wp\/v2\/product_cat?post=537"},{"taxonomy":"product_tag","embeddable":true,"href":"https:\/\/km-parfuemerie.de\/de\/wp-json\/wp\/v2\/product_tag?post=537"}],"curies":[{"name":"wp","href":"https:\/\/api.w.org\/{rel}","templated":true}]}}