{"id":622,"date":"2024-10-09T17:42:33","date_gmt":"2024-10-09T17:42:33","guid":{"rendered":"https:\/\/km-parfuemerie.de\/?post_type=product&#038;p=622"},"modified":"2026-04-02T15:34:57","modified_gmt":"2026-04-02T15:34:57","slug":"km-240","status":"publish","type":"product","link":"https:\/\/km-parfuemerie.de\/de\/produkt\/km-240\/","title":{"rendered":"240 KM"},"content":{"rendered":"<p>Dieses Eau de Toilette ist eine Intensive, exotische Duft, betont die leidenschaftliche Seite der M\u00e4nner. Eine Mischung aus cool, Bergamotte und w\u00fcrzigem Zimt in der Kopfnote bietet ein aufregendes \u00f6ffnen, w\u00e4hrend die floralen Nuancen von Jasmin und Orangenbl\u00fcten im Herzen hinzuf\u00fcgen, verf\u00fchrerische Tiefe. Die Basisnote kombiniert die warmen, holzigen Akzente von patchouli und Sandelholz mit sinnlichen Noten von Moschus, Honig und Bernstein f\u00fcr einen harmonisch exotischen finish.<\/p>","protected":false},"excerpt":{"rendered":"<p>This Eau de Toilette is an intense, exotic fragrance that emphasizes the passionate side of men. A blend of cool [&hellip;]<\/p>\n","protected":false},"featured_media":1393,"comment_status":"open","ping_status":"closed","template":"","meta":{"site-sidebar-layout":"default","site-content-layout":"","ast-site-content-layout":"","site-content-style":"default","site-sidebar-style":"default","ast-global-header-display":"","ast-banner-title-visibility":"","ast-main-header-display":"","ast-hfb-above-header-display":"","ast-hfb-below-header-display":"","ast-hfb-mobile-header-display":"","site-post-title":"","ast-breadcrumbs-content":"","ast-featured-img":"","footer-sml-layout":"","theme-transparent-header-meta":"","adv-header-id-meta":"","stick-header-meta":"","header-above-stick-meta":"","header-main-stick-meta":"","header-below-stick-meta":"","astra-migrate-meta-layouts":"default","ast-page-background-enabled":"default","ast-page-background-meta":{"desktop":{"background-color":"var(--ast-global-color-4)","background-image":"","background-repeat":"repeat","background-position":"center center","background-size":"auto","background-attachment":"scroll","background-type":"","background-media":"","overlay-type":"","overlay-color":"","overlay-opacity":"","overlay-gradient":""},"tablet":{"background-color":"","background-image":"","background-repeat":"repeat","background-position":"center center","background-size":"auto","background-attachment":"scroll","background-type":"","background-media":"","overlay-type":"","overlay-color":"","overlay-opacity":"","overlay-gradient":""},"mobile":{"background-color":"","background-image":"","background-repeat":"repeat","background-position":"center center","background-size":"auto","background-attachment":"scroll","background-type":"","background-media":"","overlay-type":"","overlay-color":"","overlay-opacity":"","overlay-gradient":""}},"ast-content-background-meta":{"desktop":{"background-color":"var(--ast-global-color-5)","background-image":"","background-repeat":"repeat","background-position":"center center","background-size":"auto","background-attachment":"scroll","background-type":"","background-media":"","overlay-type":"","overlay-color":"","overlay-opacity":"","overlay-gradient":""},"tablet":{"background-color":"var(--ast-global-color-5)","background-image":"","background-repeat":"repeat","background-position":"center center","background-size":"auto","background-attachment":"scroll","background-type":"","background-media":"","overlay-type":"","overlay-color":"","overlay-opacity":"","overlay-gradient":""},"mobile":{"background-color":"var(--ast-global-color-5)","background-image":"","background-repeat":"repeat","background-position":"center center","background-size":"auto","background-attachment":"scroll","background-type":"","background-media":"","overlay-type":"","overlay-color":"","overlay-opacity":"","overlay-gradient":""}}},"product_brand":[],"product_cat":[17],"product_tag":[18],"class_list":{"0":"post-622","1":"product","2":"type-product","3":"status-publish","4":"has-post-thumbnail","6":"product_cat-men","7":"product_tag-basic","8":"desktop-align-left","9":"tablet-align-left","10":"mobile-align-left","12":"first","13":"instock","14":"sale","15":"taxable","16":"shipping-taxable","17":"purchasable","18":"product-type-variable"},"jetpack_sharing_enabled":true,"_links":{"self":[{"href":"https:\/\/km-parfuemerie.de\/de\/wp-json\/wp\/v2\/product\/622","targetHints":{"allow":["GET"]}}],"collection":[{"href":"https:\/\/km-parfuemerie.de\/de\/wp-json\/wp\/v2\/product"}],"about":[{"href":"https:\/\/km-parfuemerie.de\/de\/wp-json\/wp\/v2\/types\/product"}],"replies":[{"embeddable":true,"href":"https:\/\/km-parfuemerie.de\/de\/wp-json\/wp\/v2\/comments?post=622"}],"wp:featuredmedia":[{"embeddable":true,"href":"https:\/\/km-parfuemerie.de\/de\/wp-json\/wp\/v2\/media\/1393"}],"wp:attachment":[{"href":"https:\/\/km-parfuemerie.de\/de\/wp-json\/wp\/v2\/media?parent=622"}],"wp:term":[{"taxonomy":"product_brand","embeddable":true,"href":"https:\/\/km-parfuemerie.de\/de\/wp-json\/wp\/v2\/product_brand?post=622"},{"taxonomy":"product_cat","embeddable":true,"href":"https:\/\/km-parfuemerie.de\/de\/wp-json\/wp\/v2\/product_cat?post=622"},{"taxonomy":"product_tag","embeddable":true,"href":"https:\/\/km-parfuemerie.de\/de\/wp-json\/wp\/v2\/product_tag?post=622"}],"curies":[{"name":"wp","href":"https:\/\/api.w.org\/{rel}","templated":true}]}}