{"id":651,"date":"2024-10-09T17:42:35","date_gmt":"2024-10-09T17:42:35","guid":{"rendered":"https:\/\/km-parfuemerie.de\/?post_type=product&#038;p=651"},"modified":"2026-04-02T15:34:55","modified_gmt":"2026-04-02T15:34:55","slug":"km-269","status":"publish","type":"product","link":"https:\/\/km-parfuemerie.de\/de\/produkt\/km-269\/","title":{"rendered":"269 KM"},"content":{"rendered":"<p>Dieses Parf\u00fcm ist der Inbegriff f\u00fcr geballte M\u00e4nnlichkeit und perfekt f\u00fcr starke Pers\u00f6nlichkeiten. Dieser verf\u00fchrerische Duft kombiniert die frische von Mandarine und Zitrone mit dem unverwechselbaren aroma von Tabak, gibt es eine unverwechselbare Tiefe. Ein Duft, der strahlt Selbstbewusstsein und ist gemacht f\u00fcr M\u00e4nner, die wissen was Sie wollen.<\/p>","protected":false},"excerpt":{"rendered":"<p>This perfume is the epitome of concentrated masculinity and perfect for strong personalities. This seductive fragrance combines the freshness of [&hellip;]<\/p>\n","protected":false},"featured_media":1422,"comment_status":"open","ping_status":"closed","template":"","meta":{"site-sidebar-layout":"default","site-content-layout":"","ast-site-content-layout":"","site-content-style":"default","site-sidebar-style":"default","ast-global-header-display":"","ast-banner-title-visibility":"","ast-main-header-display":"","ast-hfb-above-header-display":"","ast-hfb-below-header-display":"","ast-hfb-mobile-header-display":"","site-post-title":"","ast-breadcrumbs-content":"","ast-featured-img":"","footer-sml-layout":"","theme-transparent-header-meta":"","adv-header-id-meta":"","stick-header-meta":"","header-above-stick-meta":"","header-main-stick-meta":"","header-below-stick-meta":"","astra-migrate-meta-layouts":"default","ast-page-background-enabled":"default","ast-page-background-meta":{"desktop":{"background-color":"var(--ast-global-color-4)","background-image":"","background-repeat":"repeat","background-position":"center center","background-size":"auto","background-attachment":"scroll","background-type":"","background-media":"","overlay-type":"","overlay-color":"","overlay-opacity":"","overlay-gradient":""},"tablet":{"background-color":"","background-image":"","background-repeat":"repeat","background-position":"center center","background-size":"auto","background-attachment":"scroll","background-type":"","background-media":"","overlay-type":"","overlay-color":"","overlay-opacity":"","overlay-gradient":""},"mobile":{"background-color":"","background-image":"","background-repeat":"repeat","background-position":"center center","background-size":"auto","background-attachment":"scroll","background-type":"","background-media":"","overlay-type":"","overlay-color":"","overlay-opacity":"","overlay-gradient":""}},"ast-content-background-meta":{"desktop":{"background-color":"var(--ast-global-color-5)","background-image":"","background-repeat":"repeat","background-position":"center center","background-size":"auto","background-attachment":"scroll","background-type":"","background-media":"","overlay-type":"","overlay-color":"","overlay-opacity":"","overlay-gradient":""},"tablet":{"background-color":"var(--ast-global-color-5)","background-image":"","background-repeat":"repeat","background-position":"center center","background-size":"auto","background-attachment":"scroll","background-type":"","background-media":"","overlay-type":"","overlay-color":"","overlay-opacity":"","overlay-gradient":""},"mobile":{"background-color":"var(--ast-global-color-5)","background-image":"","background-repeat":"repeat","background-position":"center center","background-size":"auto","background-attachment":"scroll","background-type":"","background-media":"","overlay-type":"","overlay-color":"","overlay-opacity":"","overlay-gradient":""}}},"product_brand":[],"product_cat":[17],"product_tag":[18],"class_list":{"0":"post-651","1":"product","2":"type-product","3":"status-publish","4":"has-post-thumbnail","6":"product_cat-men","7":"product_tag-basic","8":"desktop-align-left","9":"tablet-align-left","10":"mobile-align-left","12":"first","13":"instock","14":"sale","15":"taxable","16":"shipping-taxable","17":"purchasable","18":"product-type-variable"},"jetpack_sharing_enabled":true,"_links":{"self":[{"href":"https:\/\/km-parfuemerie.de\/de\/wp-json\/wp\/v2\/product\/651","targetHints":{"allow":["GET"]}}],"collection":[{"href":"https:\/\/km-parfuemerie.de\/de\/wp-json\/wp\/v2\/product"}],"about":[{"href":"https:\/\/km-parfuemerie.de\/de\/wp-json\/wp\/v2\/types\/product"}],"replies":[{"embeddable":true,"href":"https:\/\/km-parfuemerie.de\/de\/wp-json\/wp\/v2\/comments?post=651"}],"wp:featuredmedia":[{"embeddable":true,"href":"https:\/\/km-parfuemerie.de\/de\/wp-json\/wp\/v2\/media\/1422"}],"wp:attachment":[{"href":"https:\/\/km-parfuemerie.de\/de\/wp-json\/wp\/v2\/media?parent=651"}],"wp:term":[{"taxonomy":"product_brand","embeddable":true,"href":"https:\/\/km-parfuemerie.de\/de\/wp-json\/wp\/v2\/product_brand?post=651"},{"taxonomy":"product_cat","embeddable":true,"href":"https:\/\/km-parfuemerie.de\/de\/wp-json\/wp\/v2\/product_cat?post=651"},{"taxonomy":"product_tag","embeddable":true,"href":"https:\/\/km-parfuemerie.de\/de\/wp-json\/wp\/v2\/product_tag?post=651"}],"curies":[{"name":"wp","href":"https:\/\/api.w.org\/{rel}","templated":true}]}}