{"id":675,"date":"2024-10-09T17:42:37","date_gmt":"2024-10-09T17:42:37","guid":{"rendered":"https:\/\/km-parfuemerie.de\/?post_type=product&#038;p=675"},"modified":"2026-04-02T15:34:54","modified_gmt":"2026-04-02T15:34:54","slug":"km-293","status":"publish","type":"product","link":"https:\/\/km-parfuemerie.de\/de\/produkt\/km-293\/","title":{"rendered":"KM 293"},"content":{"rendered":"<p>Dieses Parfum verbindet die verf\u00fchrerische Kraft der &#034;K\u00f6nigin der Gew\u00fcrze&#034; in einem eleganten Duft. Die Komposition entfaltet sich in warmen, cremigen Vanille-Noten in der Kopfnote, erg\u00e4nzt von den wunderbaren Duft von Sandelholz. Die Herznote f\u00fcgt geheimnisvoll Blumen-und Mandel-Noten, die unterstreichen die starke Vanille-aroma und geben der Kreation eine weiche, sinnliche aura. Die Basisnote, bestehend aus Balsamico Sandelholz und die verf\u00fchrerische Tonkabohne, vereint in einer raffinierten Kombination, die perfekt rundet das Eau de Parfum.<\/p>","protected":false},"excerpt":{"rendered":"<p>This perfume combines the seductive power of the &#8220;queen of spices&#8221; in an elegant fragrance. The composition unfolds warm, creamy [&hellip;]<\/p>\n","protected":false},"featured_media":1446,"comment_status":"open","ping_status":"closed","template":"","meta":{"site-sidebar-layout":"default","site-content-layout":"","ast-site-content-layout":"","site-content-style":"default","site-sidebar-style":"default","ast-global-header-display":"","ast-banner-title-visibility":"","ast-main-header-display":"","ast-hfb-above-header-display":"","ast-hfb-below-header-display":"","ast-hfb-mobile-header-display":"","site-post-title":"","ast-breadcrumbs-content":"","ast-featured-img":"","footer-sml-layout":"","theme-transparent-header-meta":"","adv-header-id-meta":"","stick-header-meta":"","header-above-stick-meta":"","header-main-stick-meta":"","header-below-stick-meta":"","astra-migrate-meta-layouts":"default","ast-page-background-enabled":"default","ast-page-background-meta":{"desktop":{"background-color":"var(--ast-global-color-4)","background-image":"","background-repeat":"repeat","background-position":"center center","background-size":"auto","background-attachment":"scroll","background-type":"","background-media":"","overlay-type":"","overlay-color":"","overlay-opacity":"","overlay-gradient":""},"tablet":{"background-color":"","background-image":"","background-repeat":"repeat","background-position":"center center","background-size":"auto","background-attachment":"scroll","background-type":"","background-media":"","overlay-type":"","overlay-color":"","overlay-opacity":"","overlay-gradient":""},"mobile":{"background-color":"","background-image":"","background-repeat":"repeat","background-position":"center center","background-size":"auto","background-attachment":"scroll","background-type":"","background-media":"","overlay-type":"","overlay-color":"","overlay-opacity":"","overlay-gradient":""}},"ast-content-background-meta":{"desktop":{"background-color":"var(--ast-global-color-5)","background-image":"","background-repeat":"repeat","background-position":"center center","background-size":"auto","background-attachment":"scroll","background-type":"","background-media":"","overlay-type":"","overlay-color":"","overlay-opacity":"","overlay-gradient":""},"tablet":{"background-color":"var(--ast-global-color-5)","background-image":"","background-repeat":"repeat","background-position":"center center","background-size":"auto","background-attachment":"scroll","background-type":"","background-media":"","overlay-type":"","overlay-color":"","overlay-opacity":"","overlay-gradient":""},"mobile":{"background-color":"var(--ast-global-color-5)","background-image":"","background-repeat":"repeat","background-position":"center center","background-size":"auto","background-attachment":"scroll","background-type":"","background-media":"","overlay-type":"","overlay-color":"","overlay-opacity":"","overlay-gradient":""}}},"product_brand":[],"product_cat":[24],"product_tag":[20],"class_list":{"0":"post-675","1":"product","2":"type-product","3":"status-publish","4":"has-post-thumbnail","6":"product_cat-women","7":"product_tag-luxury","8":"desktop-align-left","9":"tablet-align-left","10":"mobile-align-left","12":"first","13":"instock","14":"sale","15":"taxable","16":"shipping-taxable","17":"purchasable","18":"product-type-variable"},"jetpack_sharing_enabled":true,"_links":{"self":[{"href":"https:\/\/km-parfuemerie.de\/de\/wp-json\/wp\/v2\/product\/675","targetHints":{"allow":["GET"]}}],"collection":[{"href":"https:\/\/km-parfuemerie.de\/de\/wp-json\/wp\/v2\/product"}],"about":[{"href":"https:\/\/km-parfuemerie.de\/de\/wp-json\/wp\/v2\/types\/product"}],"replies":[{"embeddable":true,"href":"https:\/\/km-parfuemerie.de\/de\/wp-json\/wp\/v2\/comments?post=675"}],"wp:featuredmedia":[{"embeddable":true,"href":"https:\/\/km-parfuemerie.de\/de\/wp-json\/wp\/v2\/media\/1446"}],"wp:attachment":[{"href":"https:\/\/km-parfuemerie.de\/de\/wp-json\/wp\/v2\/media?parent=675"}],"wp:term":[{"taxonomy":"product_brand","embeddable":true,"href":"https:\/\/km-parfuemerie.de\/de\/wp-json\/wp\/v2\/product_brand?post=675"},{"taxonomy":"product_cat","embeddable":true,"href":"https:\/\/km-parfuemerie.de\/de\/wp-json\/wp\/v2\/product_cat?post=675"},{"taxonomy":"product_tag","embeddable":true,"href":"https:\/\/km-parfuemerie.de\/de\/wp-json\/wp\/v2\/product_tag?post=675"}],"curies":[{"name":"wp","href":"https:\/\/api.w.org\/{rel}","templated":true}]}}